{"id":3794,"date":"2021-12-28T10:06:18","date_gmt":"2021-12-28T10:06:18","guid":{"rendered":"https:\/\/ecostilla.com\/?page_id=3794"},"modified":"2021-12-28T10:06:42","modified_gmt":"2021-12-28T10:06:42","slug":"privacy-policy-applicants","status":"publish","type":"page","link":"https:\/\/main.ecostilla.com\/en\/privacy-policy-applicants\/","title":{"rendered":"Privacy Policy &#8211; Applicants"},"content":{"rendered":"<div data-elementor-type=\"wp-page\" data-elementor-id=\"3794\" class=\"elementor elementor-3794\" data-elementor-post-type=\"page\">\n\t\t\t\t\t\t<section class=\"has_eae_slider elementor-section elementor-top-section elementor-element elementor-element-654d63e elementor-section-boxed elementor-section-height-default elementor-section-height-default\" data-eae-slider=\"54625\" data-id=\"654d63e\" data-element_type=\"section\" data-e-type=\"section\">\r\n\t\t\r\n\t\t\t\t\t\t\t<div class=\"elementor-container elementor-column-gap-default\">\r\n\t\t\t\t\t\t\t\t\t\t\t<div class=\"has_eae_slider elementor-column elementor-col-100 elementor-top-column elementor-element elementor-element-76a74d1\" data-eae-slider=\"39065\" data-id=\"76a74d1\" data-element_type=\"column\" data-e-type=\"column\">\r\n\t\t\t\t\t<div class=\"elementor-widget-wrap elementor-element-populated\">\r\n\t\t\t\t\t\t\t\t<div class=\"elementor-element elementor-element-aa27db7 elementor-widget elementor-widget-text-editor\" data-id=\"aa27db7\" data-element_type=\"widget\" data-e-type=\"widget\" data-widget_type=\"text-editor.default\">\n\t\t\t\t<div class=\"elementor-widget-container\">\n\t\t\t\t\t\t\t\t\t<p><b>INFORMATIVA AL TRATTAMENTO DEI DATI PERSONALI<\/b><\/p><p><b>AI SENSI DELL\u2019ART. 13 REGOLAMENTO UE 2016\/679 &#8211; CANDIDATI<\/b><\/p><p>\u00a0<\/p><p><b>Ecostilla s.r.l.,<\/b><span style=\"font-weight: 400;\"> (C.F. 10264770156 e P. IVA: 02276650963), con sede legale in Milano, via Policarpo Petrocchi n. 10, ai sensi degli art. 4, par. 1, lett. c) e art. 24 Regolamento UE 2016\/679 (di seguito GDPR) \u00e8 Titolare del trattamento dei dati personali (di seguito Titolare) e, in adempimento agli obblighi previsti dall\u2019art. 13 GDPR, fornisce la presente Informativa che dettaglia finalit\u00e0 e mezzi del trattamento dei dati personali relativamente all&#8217;eventuale instaurazione di un rapporto di lavoro con il Titolare.\u00a0<\/span><\/p><p><span style=\"font-weight: 400;\">Si precisa che per:<\/span><\/p><p>\u00a0<\/p><ul><li style=\"font-weight: 400;\" aria-level=\"1\"><b>trattamento<\/b><span style=\"font-weight: 400;\"> (ex art. 4, par. 1, n. 2) GDPR) si intende \u2018<\/span><i><span style=\"font-weight: 400;\">qualunque operazione o insieme di operazioni, compiute con o senza l\u2019ausilio di processi automatizzati e applicate a dati personali o insieme di dati personali, come la raccolta, la registrazione, l&#8217;organizzazione, la strutturazione, la conservazione, l\u2019adattamento o la modifica, l\u2019estrazione, la consultazione, l\u2019uso, la comunicazione mediante trasmissione, diffusione o qualsiasi altra forma di messa a disposizione, il raffronto o l\u2019interconnessione, la limitazione, la cancellazione o la distruzione<\/span><\/i><span style=\"font-weight: 400;\">\u2019;<\/span><\/li><li style=\"font-weight: 400;\" aria-level=\"1\"><b>dato personale<\/b><span style=\"font-weight: 400;\"> (ex art. 4, par. 1, n. 1) GDPR) si intende \u2018<\/span><i><span style=\"font-weight: 400;\">qualsiasi informazione riguardante una persona fisica identificata o identificabile (\u2018interessato\u2019); si considera identificabile la persona che pu\u00f2 essere identificata, direttamente o indirettamente, con particolare riferimento a un identificativo come il nome, un numero di identificazione, dati relativi all\u2019ubicazione, un identificativo online o a uno o pi\u00f9 elementi caratteristici della sua identit\u00e0 fisica, fisiologica, genetica, psichica, economica, culturale o sociale<\/span><\/i><span style=\"font-weight: 400;\">\u2019;<\/span><\/li><li style=\"font-weight: 400;\" aria-level=\"1\"><b>dati genetici<\/b><span style=\"font-weight: 400;\"> (ex art 4, par. 1, n. 13) e art. 9 GDPR) si intendono \u2018<\/span><i><span style=\"font-weight: 400;\">i dati personali relativi alle caratteristiche genetiche ereditarie o acquisite di una persona fisica che forniscono informazioni univoche sulla fisiologia o sulla salute di detta persona fisica, e che risultano in particolare dall\u2019analisi di un campione biologico della persona fisica in questione<\/span><\/i><span style=\"font-weight: 400;\">\u2019;<\/span><\/li><li style=\"font-weight: 400;\" aria-level=\"1\"><b>dati biometrici <\/b><span style=\"font-weight: 400;\">(ex art 4, par. 1, n. 14) e art. 9 GDPR) si intendono \u2018<\/span><i><span style=\"font-weight: 400;\">i dati personali ottenuti da un trattamento tecnico specifico relativi alle caratteristiche fisiche, fisiologiche o comportamentali di una persona fisica che ne consentono o confermano l\u2019identificazione univoca, quali l\u2019immagine facciale o i dati dattiloscopici<\/span><\/i><span style=\"font-weight: 400;\">\u2019;<\/span><\/li><li style=\"font-weight: 400;\" aria-level=\"1\"><b>dati relativi alla salute <\/b><span style=\"font-weight: 400;\">(ex art 4, par. 1, n. 15) e art. 9 GDPR) si intendono \u2018<\/span><i><span style=\"font-weight: 400;\">i dati personali attinenti alla salute fisica o mentale di una persona fisica, compresa la prestazione di servizi di assistenza sanitaria, che rivelano informazioni relative al suo stato di salute<\/span><\/i><span style=\"font-weight: 400;\">\u2019;<\/span><\/li><li style=\"font-weight: 400;\" aria-level=\"1\"><b>particolari categorie di dati personali <\/b><span style=\"font-weight: 400;\">(ex art. 9 GDPR) idonei a rivelare l\u2019origine razziale o etnica, le opinioni politiche, le convinzioni religiose o filosofiche, l\u2019appartenenza sindacale, nonch\u00e9 la vita e\/o l\u2019orientamento sessuale della persona.<\/span><\/li><\/ul><p>\u00a0<\/p><p><b>1.Titolare del Trattamento e dati di contatto<\/b><\/p><p><span style=\"font-weight: 400;\">Il Titolare del Trattamento, ai sensi dell\u2019art. 24 del GDPR, vale a dire colui che determina le finalit\u00e0 e i mezzi del trattamento, <\/span><b>Ecostilla s.r.l.,<\/b><span style=\"font-weight: 400;\"> (C.F. 10264770156 e P. IVA: 02276650963), i cui dati di contatto sono:<\/span> <span style=\"font-weight: 400;\">sede legale in Milano, via Policarpo Petrocchi n. 10, &#8211; indirizzo di posta elettronica: <\/span><a href=\"mailto:privacy@escostilla.com\"><span style=\"font-weight: 400;\">privacy@escostilla.com<\/span><\/a><\/p><p><br \/><span style=\"font-weight: 400;\"><br \/><\/span><\/p><ol start=\"2\"><li><b> Finalit\u00e0 del trattamento<\/b><\/li><\/ol><p><span style=\"font-weight: 400;\">Le finalit\u00e0 del trattamento dei dati personali, ex artt. 4 e 9 GDPR, forniti attraverso l\u2019inoltro di <\/span><i><span style=\"font-weight: 400;\">curriculum vitae<\/span><\/i><span style=\"font-weight: 400;\">, la compilazione di schede informative, test attitudinali e l\u2019invio di fototessere, sono di seguito dettagliate:<\/span><\/p><ol><li><span style=\"font-weight: 400;\">a) reclutamento e selezione del personale diretto all\u2019instaurazione del rapporto di lavoro o di collaborazione;<\/span><\/li><li><span style=\"font-weight: 400;\">b) trasmissione a soggetti terzi per l\u2019instaurazione del rapporto di lavoro o di collaborazione.<\/span><\/li><\/ol><p>\u00a0<\/p><ol start=\"3\"><li><b> Base giuridica del trattamento<\/b><\/li><\/ol><p><span style=\"font-weight: 400;\">La base giuridica del trattamento, ai sensi dell\u2019art. 6, par. 1, lett. a) GDPR \u00e8 il consenso.<\/span><\/p><p>\u00a0<\/p><ol start=\"4\"><li><b> Natura del conferimento<\/b><\/li><\/ol><p><span style=\"font-weight: 400;\">Per le finalit\u00e0 di cui all\u2019art. 2 della presente Informativa il conferimento dei dati personali, ex art. 4 e 9 GDPR, \u00e8 necessario ed ha natura facoltativa ed un Suo eventuale rifiuto comporta l\u2019oggettiva impossibilit\u00e0 per il Titolare di dare esecuzione all\u2019attivit\u00e0 di selezione e reclutamento del personale.<\/span><\/p><p>\u00a0<\/p><ol start=\"5\"><li><b> Modalit\u00e0 del trattamento<\/b><\/li><\/ol><p><span style=\"font-weight: 400;\">I dati personali oggetto di trattamento per le finalit\u00e0 di cui all\u2019art. 2 della presente Informativa sono trattati in forma cartacea e\/o con il supporto di sistemi informativi da parte di addetti espressamente designati dal Titolare quali autorizzati del trattamento dei dati personali e\/o tramite terzi, secondo logiche prettamente collegate alle finalit\u00e0 di cui alla presente. I dati sono conservati in archivi elettronici e, in via residuale, cartacei, in modo tale da garantire la sicurezza e la riservatezza dei dati. Il trattamento dei dati personali \u00e8 effettuato nel rispetto dei principi cui \u00e8 ispirato il GDPR.<\/span><\/p><p>\u00a0<\/p><ol start=\"6\"><li><b> Destinatari dei dati personali<\/b><\/li><\/ol><p><span style=\"font-weight: 400;\">Per <\/span><b>Destinatario dei dati <\/b><span style=\"font-weight: 400;\">si intende, ai sensi dell\u2019art. 4, par. 1, n. 9) GDPR, si intende \u2018<\/span><i><span style=\"font-weight: 400;\">la persona fisica o giuridica, il servizio o un altro organismo che riceve comunicazioni di dati personali, che si tratti o meno di terzi. \u2026 le autorit\u00e0 pubbliche che possono ricevere comunicazione di dati personali nell\u2019ambito di una specifica indagine conformemente al diritto dell\u2019Unione o degli Stati membri non sono considerate destinatari; il trattamento di tali dati da parte di dette autorit\u00e0 pubbliche \u00e8 conforme alle norme applicabili in materia di protezione dei dati secondo le finalit\u00e0 dei trattamenti<\/span><\/i><span style=\"font-weight: 400;\">\u2019.<\/span><\/p><p><span style=\"font-weight: 400;\">Si evidenzia che, in relazione alle finalit\u00e0 sopra indicate, i dati personali del candidato possono essere oggetto di comunicazione a destinatari in rapporto di collaborazione con il Titolare o per l\u2019espletamento degli obblighi di legge. Tali destinatari sono vincolati alla pi\u00f9 assoluta riservatezza in merito a qualsivoglia informazione di cui possano venire a conoscenza e di seguito se ne riportano le categorie.<\/span><\/p><p><span style=\"font-weight: 400;\">&#8211; Autorit\u00e0, pubbliche amministrazioni e organi di vigilanza e controllo per i loro fini istituzionali.<\/span><\/p><p><span style=\"font-weight: 400;\">&#8211;<\/span> <span style=\"font-weight: 400;\">Dipendenti e\/o collaboratori del Titolare, Societ\u00e0 collegate, soggetti, consulenti, societ\u00e0 di consulenza, studi professionali che collaborano con il Titolare per il raggiungimento delle finalit\u00e0 sopra indicate e per l\u2018espletamento degli obblighi di legge.<\/span><\/p><p><span style=\"font-weight: 400;\">&#8211; Soggetti che forniscono servizi per la gestione del sistema informatico del Titolare.<\/span><\/p><p><span style=\"font-weight: 400;\">&#8211; Professionisti abilitati al fine dello studio e risoluzione di eventuali problemi legali e contrattuali.<\/span><\/p><p><span style=\"font-weight: 400;\">&#8211; Banche od organizzazioni similari.<\/span><\/p><p>\u00a0<\/p><ol start=\"7\"><li><b> Luogo del trattamento dei dati ed eventuale trasferimento dei dati extra UE\u00a0<\/b><\/li><\/ol><p>\u00a0<\/p><p><span style=\"font-weight: 400;\">L\u2019attivit\u00e0 di trattamento dei dati \u00e8 eseguita all&#8217;interno di uno Stato membro dell&#8217;Unione Europea (UE) o all&#8217;interno di uno Stato membro dello Spazio Economico Europeo (SEE).\u00a0<\/span><\/p><p>\u00a0<\/p><p><span style=\"font-weight: 400;\">Tuttavia, l\u2019attivit\u00e0 di trattamento dei dati potrebbe comportare il trasferimento di dati verso uno Stato non appartenente all\u2019UE o al SEE. In questo caso il Titolare sin da ora garantisce che il trasferimento, qualora necessario, sar\u00e0 effettuato solo alle condizioni specifiche previste dagli articoli 44 e ss. del GDPR.<\/span><\/p><p>\u00a0<\/p><ol start=\"8\"><li><b> Diffusione e comunicazione dei dati<\/b><\/li><\/ol><p><span style=\"font-weight: 400;\">I Suoi dati personali non sono oggetto di diffusione n\u00e9 di cessione.<\/span><\/p><p><span style=\"font-weight: 400;\">La comunicazione a terzi, diversi dal Titolare e dai Responsabili \u2013 interni o esterni alla struttura organizzativa del Titolare \u2013 individuati e nominati ai sensi degli artt. 24 e 28 GDPR, \u00e8 prevista ove necessaria.<\/span><\/p><p><span style=\"font-weight: 400;\">In ogni caso il trattamento da parte di terzi soggetti avverr\u00e0 nel rispetto dei principi di correttezza, proporzionalit\u00e0 e necessariet\u00e0, nonch\u00e9 nel rispetto delle vigenti disposizioni di legge.<\/span><\/p><p>\u00a0<\/p><ol start=\"9\"><li><b> Tempi di conservazione<\/b><\/li><\/ol><p><span style=\"font-weight: 400;\">I dati saranno conservati nel rispetto del principio di proporzionalit\u00e0 e comunque per il periodo necessario all\u2019espletamento delle finalit\u00e0 di cui all\u2019art. 2 della presente Informativa e comunque non oltre 1 anno dal ricevimento del <\/span><i><span style=\"font-weight: 400;\">curriculum vitae<\/span><\/i><span style=\"font-weight: 400;\">.<\/span><\/p><p>\u00a0<\/p><ol start=\"10\"><li><b> Sicurezza dei dati<\/b><\/li><\/ol><p><span style=\"font-weight: 400;\">Il Titolare adotta le misure tecniche ed organizzative adeguate per la protezione dei dati al fine di prevenire la perdita degli stessi, usi illeciti o non corretti e accessi non autorizzati.<\/span><\/p><p>\u00a0<\/p><ol start=\"11\"><li><b><\/b> <b>Diritti dell\u2019Interessato<\/b><\/li><\/ol><p><span style=\"font-weight: 400;\">Si comunica che, ai sensi dell\u2019art. 13, par. 2, lett. b) GDPR, in relazione al trattamento dei dati personali in oggetto, al fine di garantire un trattamento corretto e trasparente, possono essere esercitati i seguenti diritti:<\/span><\/p><p><span style=\"font-weight: 400;\">11.1. <\/span><span style=\"font-weight: 400;\">Diritto di informazione ed accesso<\/span><span style=\"font-weight: 400;\"> (ex art. 15 GDPR): al fine di ottenere dal Titolare del trattamento informazioni sull\u2019esistenza o meno di trattamenti di dati che La riguardano nonch\u00e9 l\u2019accesso ai Suoi dati personali e ad informazioni sulle finalit\u00e0 del trattamento, sui destinatari o sulle categorie di destinatari a cui i dati vengono trasmessi.<\/span><\/p><p><span style=\"font-weight: 400;\">11.2. <\/span><span style=\"font-weight: 400;\">Diritto alla rettifica<\/span><span style=\"font-weight: 400;\"> (ex art. 16 GDPR), <\/span><span style=\"font-weight: 400;\">alla cancellazione<\/span><span style=\"font-weight: 400;\"> (ex art. 17 GDPR) e <\/span><span style=\"font-weight: 400;\">alla limitazione<\/span><span style=\"font-weight: 400;\"> (ex art. 18 GDPR): al fine di chiedere al Titolare del trattamento la rettifica e la cancellazione dei Suoi dati personali e la limitazione del trattamento.\u00a0<\/span><\/p><p><span style=\"font-weight: 400;\">11.3. <\/span><span style=\"font-weight: 400;\">Diritto alla portabilit\u00e0<\/span><span style=\"font-weight: 400;\"> (ex art. 20 GDPR): al fine di ricevere in formato strutturato, di uso comune e leggibile da dispositivo automatico i dati personali che La riguardano forniti al Titolare del trattamento e ha il diritto di trasmettere tali dati ad altro titolare, purch\u00e9 tale operazione sia fattibile a livello tecnico.<\/span><\/p><p><span style=\"font-weight: 400;\">11.4. <\/span><span style=\"font-weight: 400;\">Diritto di opposizione<\/span><span style=\"font-weight: 400;\"> (ex art. 21 GDPR): ai fine di opporsi al trattamento dei suoi dati.<\/span><\/p><p>\u00a0<\/p><p><span style=\"font-weight: 400;\">Per l\u2019esercizio dei diritti di cui al menzionato art. 13, par. 2, lett. b) ed e) GDPR, pu\u00f2 scrivere a <\/span><b>Ecostilla s.r.l.,<\/b><span style=\"font-weight: 400;\"> (C.F. 10264770156 e P. IVA: 02276650963), con sede legale in Milano, via Policarpo Petrocchi n. 10, &#8211; indirizzo di posta elettronica: <\/span><a href=\"mailto:privacy@escostilla.com\"><span style=\"font-weight: 400;\">privacy@escostilla.com<\/span><\/a> <span style=\"font-weight: 400;\">oppure contattare la Societ\u00e0 al seguente numero di telefono 02.9132.4619<\/span><\/p><p><br \/><br \/><\/p><ol start=\"12\"><li><b> Diritto di reclamo o di ricorso<\/b><\/li><\/ol><p><span style=\"font-weight: 400;\">Ai sensi dell\u2019art. 13, par. 2, lett. d) GDPR e dell\u2019art. 140 bis D.Lgs. n. 196\/2003, come modificato dal D.Lgs. n. 101\/2018, si rappresenta, inoltre, che qualora si ritenga che il trattamento dei dati violi il Regolamento europeo o il Codice in materia di protezione dei dati personali, pu\u00f2 essere proposto reclamo al Garante privacy, ex art. 77 GDPR o, in alternativa, ricorso all\u2019Autorit\u00e0 giudiziaria.<\/span><\/p><p>\u00a0<\/p><ol start=\"13\"><li><b> Consenso e diritto di revoca del consenso<\/b><\/li><\/ol><p><span style=\"font-weight: 400;\">Ai sensi degli artt. 6 e 7 del GDPR il consenso al trattamento dei dati personali \u00e8 necessario, per la finalit\u00e0 di cui all\u2019art. 2 della presente Informativa.<\/span><\/p><p><span style=\"font-weight: 400;\">Il consenso \u00e8 revocabile in qualsiasi momento e senza indicazione dei motivi, inoltrando la dichiarazione di revoca al seguente indirizzo di posta elettronica: privacy@ecostilla.com<\/span><\/p><p><span style=\"font-weight: 400;\">La revoca del consenso non pregiudica la liceit\u00e0 del trattamento basato sullo stesso prima della revoca.<\/span><\/p><p>\u00a0<\/p><ol start=\"14\"><li><b> Modifiche ed aggiornamenti<\/b><\/li><\/ol><p><span style=\"font-weight: 400;\">La presente informativa \u00e8 aggiornata alla data del 7 giugno 2021. Il Titolare potrebbe apportare modifiche e\/o integrazioni, quale conseguenza di successive modifiche e\/o integrazioni normative<\/span><\/p><p><br \/><br \/><br \/><br \/><\/p>\t\t\t\t\t\t\t\t<\/div>\n\t\t\t\t<\/div>\n\t\t\t\t\t<\/div>\r\n\t\t\t\t<\/div>\r\n\t\t\t\t\t<\/div>\r\n\t\t\t\t<\/section>\r\n\t\t\t\t<\/div>","protected":false},"excerpt":{"rendered":"<p>INFORMATIVA AL TRATTAMENTO DEI DATI PERSONALI AI SENSI DELL\u2019ART. 13 REGOLAMENTO UE 2016\/679 &#8211; CANDIDATI \u00a0 Ecostilla s.r.l., (C.F. 10264770156 e P. IVA: 02276650963), con sede legale in Milano, via Policarpo Petrocchi n. 10, ai sensi degli art. 4, par. 1, lett. c) e art. 24 Regolamento UE 2016\/679 (di seguito GDPR) \u00e8 Titolare del [&hellip;]<\/p>\n","protected":false},"author":1,"featured_media":0,"parent":0,"menu_order":0,"comment_status":"closed","ping_status":"closed","template":"","meta":{"om_disable_all_campaigns":false,"_monsterinsights_skip_tracking":false,"_monsterinsights_sitenote_active":false,"_monsterinsights_sitenote_note":"","_monsterinsights_sitenote_category":0,"footnotes":""},"class_list":["post-3794","page","type-page","status-publish","hentry"],"aioseo_notices":[],"_links":{"self":[{"href":"https:\/\/main.ecostilla.com\/en\/wp-json\/wp\/v2\/pages\/3794","targetHints":{"allow":["GET"]}}],"collection":[{"href":"https:\/\/main.ecostilla.com\/en\/wp-json\/wp\/v2\/pages"}],"about":[{"href":"https:\/\/main.ecostilla.com\/en\/wp-json\/wp\/v2\/types\/page"}],"author":[{"embeddable":true,"href":"https:\/\/main.ecostilla.com\/en\/wp-json\/wp\/v2\/users\/1"}],"replies":[{"embeddable":true,"href":"https:\/\/main.ecostilla.com\/en\/wp-json\/wp\/v2\/comments?post=3794"}],"version-history":[{"count":4,"href":"https:\/\/main.ecostilla.com\/en\/wp-json\/wp\/v2\/pages\/3794\/revisions"}],"predecessor-version":[{"id":3798,"href":"https:\/\/main.ecostilla.com\/en\/wp-json\/wp\/v2\/pages\/3794\/revisions\/3798"}],"wp:attachment":[{"href":"https:\/\/main.ecostilla.com\/en\/wp-json\/wp\/v2\/media?parent=3794"}],"curies":[{"name":"wp","href":"https:\/\/api.w.org\/{rel}","templated":true}]}}