{"id":287,"date":"2020-11-12T10:07:42","date_gmt":"2020-11-12T10:07:42","guid":{"rendered":"http:\/\/ecostilla.my-page.it\/?page_id=287"},"modified":"2024-02-22T18:30:39","modified_gmt":"2024-02-22T17:30:39","slug":"cookie-policy","status":"publish","type":"page","link":"https:\/\/main.ecostilla.com\/en\/cookie-policy\/","title":{"rendered":"Cookie Policy"},"content":{"rendered":"<div data-elementor-type=\"wp-page\" data-elementor-id=\"287\" class=\"elementor elementor-287\" data-elementor-post-type=\"page\">\n\t\t\t\t\t\t<section class=\"has_eae_slider elementor-section elementor-top-section elementor-element elementor-element-b25f097 elementor-section-boxed elementor-section-height-default elementor-section-height-default\" data-eae-slider=\"85865\" data-id=\"b25f097\" data-element_type=\"section\" data-e-type=\"section\">\r\n\t\t\r\n\t\t\t\t\t\t\t<div class=\"elementor-container elementor-column-gap-default\">\r\n\t\t\t\t\t\t\t\t\t\t\t<div class=\"has_eae_slider elementor-column elementor-col-100 elementor-top-column elementor-element elementor-element-c1d06f6\" data-eae-slider=\"7644\" data-id=\"c1d06f6\" data-element_type=\"column\" data-e-type=\"column\">\r\n\t\t\t\t\t<div class=\"elementor-widget-wrap elementor-element-populated\">\r\n\t\t\t\t\t\t\t\t<div class=\"elementor-element elementor-element-5a7ebe5 elementor-widget elementor-widget-text-editor\" data-id=\"5a7ebe5\" data-element_type=\"widget\" data-e-type=\"widget\" data-widget_type=\"text-editor.default\">\n\t\t\t\t<div class=\"elementor-widget-container\">\n\t\t\t\t\t\t\t\t\t<p><b><i>COOKIE<\/i><\/b><b> POLICY<\/b><\/p>\n<p><b>INFORMATIVA ESTESA SUI <\/b><b><i>COOKIES<\/i><\/b><\/p>\n<p><span style=\"font-weight: 400;\">Il Titolare del Trattamento ai sensi degli art. 4, paragrafo 1, n. 7) e art. 24 del GDPR, vale a dire colui che determina le finalit\u00e0 e i mezzi del trattamento, \u00e8 <\/span><b>Ecostilla s.r.l.<\/b><span style=\"font-weight: 400;\"> ((C.F. 10264770156 e P. IVA: 02276650963), i cui dati di contatto sono:<\/span> <span style=\"font-weight: 400;\">sede legale in Milano, via Policarpo Petrocchi n. 10, &#8211; indirizzo di posta elettronica: <a href=\"mailto:administration@ecostilla.com\" target=\"_blank\" rel=\"noopener\">administration@ecostilla.com<\/a>.<\/span><\/p>\n<p><span style=\"font-weight: 400;\">Ai sensi dell\u2019articolo 13 del Regolamento UE 2016\/679 (GDPR), <\/span><b>Ecostilla s.r.l.<\/b><span style=\"font-weight: 400;\"> (di seguito il Titolare del Trattamento), fornisce le seguenti informazioni relative ai cookies installati sul dominio <\/span><b>www.ecostilla.com<\/b><span style=\"font-weight: 400;\"> (di seguito Sito) ovvero da altri domini accessibili tramite il Sito.<\/span><\/p>\n<p><b>Cosa sono i <\/b><b><i>cookies<\/i><\/b><b>?<\/b><\/p>\n<p><span style=\"font-weight: 400;\">I <\/span><i><span style=\"font-weight: 400;\">cookies<\/span><\/i><span style=\"font-weight: 400;\"> sono stringhe di testo create da un server e memorizzate sull\u2019hard disk del computer o su qualsiasi dispositivo utilizzato dall\u2019Utente per accedere ad Internet (smartphone, tablet), per poi essere ritrasmessi ai successivi accessi ad Internet dell\u2019Utente stesso.<\/span><\/p>\n<p><span style=\"font-weight: 400;\">I <\/span><i><span style=\"font-weight: 400;\">cookies<\/span><\/i><span style=\"font-weight: 400;\"> permettono di raccogliere informazioni sulla navigazione effettuata dall\u2019Utente sul Sito web.<\/span><\/p>\n<p><span style=\"font-weight: 400;\">I <\/span><i><span style=\"font-weight: 400;\">cookies<\/span><\/i><span style=\"font-weight: 400;\"> possono essere memorizzati in modo permanente sul computer dell\u2019Utente ed avere una durata variabile (c.d. <\/span><i><span style=\"font-weight: 400;\">cookies<\/span><\/i><span style=\"font-weight: 400;\"> persistenti), ma possono anche svanire con la chiusura del browser o avere una durata limitata (c.d. <\/span><i><span style=\"font-weight: 400;\">cookies<\/span><\/i><span style=\"font-weight: 400;\"> di sessione).<\/span><span style=\"font-weight: 400;\"><br>\n<\/span><span style=\"font-weight: 400;\">I <\/span><i><span style=\"font-weight: 400;\">cookies<\/span><\/i><span style=\"font-weight: 400;\"> possono essere istallati dal Sito che si sta visitando (c.d. <\/span><i><span style=\"font-weight: 400;\">cookies<\/span><\/i><span style=\"font-weight: 400;\"> di prima parte) o possono essere istallati da altri siti web (c.d. <\/span><i><span style=\"font-weight: 400;\">cookies<\/span><\/i><span style=\"font-weight: 400;\"> di terze parti) e sono usati per eseguire autenticazioni informatiche, monitoraggio di sessioni e memorizzazione di informazioni riguardanti le attivit\u00e0 degli utenti che accedono ad un sito.<\/span><span style=\"font-weight: 400;\"><br>\n<\/span><span style=\"font-weight: 400;\">I <\/span><i><span style=\"font-weight: 400;\">cookies<\/span><\/i><span style=\"font-weight: 400;\"> si suddividono secondo le finalit\u00e0 di utilizzo in:<\/span><\/p>\n<ul>\n<li style=\"font-weight: 400;\" aria-level=\"1\"><b><i>Cookies<\/i><\/b><b> di navigazione<\/b> <b>e funzionalit\u00e0:<\/b><span style=\"font-weight: 400;\"> utilizzati rispettivamente per finalit\u00e0 di autenticazione e di miglioramento dell\u2019esperienza Utente (es. memorizzazione delle preferenze di lingua);<\/span><\/li>\n<li style=\"font-weight: 400;\" aria-level=\"1\"><b><i>Cookies<\/i><\/b><b> analitici<\/b><span style=\"font-weight: 400;\">: utilizzati dal gestore del Sito per raccogliere informazioni sugli utenti che visitano il Sito stesso (es. pagine visitate, tempo di permanenza, numero dei visitatori);<\/span><\/li>\n<li style=\"font-weight: 400;\" aria-level=\"1\"><b><i>Cookies<\/i><\/b><b> di profilazione<\/b><span style=\"font-weight: 400;\">: utilizzati con finalit\u00e0 pubblicitarie per l\u2019invio di messaggi in linea con le preferenze degli utenti raccolte durante la navigazione in rete;<\/span><\/li>\n<li style=\"font-weight: 400;\" aria-level=\"1\"><b><i>Cookies<\/i><\/b><b> sociali<\/b><span style=\"font-weight: 400;\">: utilizzati per consentire l\u2019interazione con i social network (Facebook, Twitter\u2026) e per condividere i contenuti del Sito attraverso i social network.<\/span><\/li>\n<\/ul>\n<p><span style=\"font-weight: 400;\">In base alla normativa vigente in Italia non \u00e8 richiesta una esplicita accettazione dei <\/span><i><span style=\"font-weight: 400;\">cookies<\/span><\/i><span style=\"font-weight: 400;\"> da parte dell&#8217;Utente se questi sono identificati come tecnici, cio\u00e8 finalizzati esclusivamente alla trasmissione di una comunicazione su una rete di comunicazione elettronica.<\/span><\/p>\n<p><span style=\"font-weight: 400;\">Le<\/span><i><span style=\"font-weight: 400;\"> Linee Guida Cookie e altri strumenti di tracciamento<\/span><\/i><span style=\"font-weight: 400;\">, emesse in data 10 giugno 2021 dal Garante per la protezione dei dati personali individuano due macrocategorie di <\/span><i><span style=\"font-weight: 400;\">cookie<\/span><\/i><span style=\"font-weight: 400;\">s:<\/span><\/p>\n<p><span style=\"font-weight: 400;\">&#8211; i <\/span><i><span style=\"font-weight: 400;\">cookies<\/span><\/i><span style=\"font-weight: 400;\"> tecnici, utilizzati solo al fine di \u2018<\/span><i><span style=\"font-weight: 400;\">effettuare la trasmissione di una comunicazione su una rete di comunicazione elettronica, o nella misura strettamente necessaria al fornitore di un servizio della societ\u00e0 dell\u2019informazione esplicitamente richiesto dal contraente o dall\u2019utente a erogare tale servizio<\/span><\/i><span style=\"font-weight: 400;\">\u2019 (cfr. art. 122, Comma 1; D.Lgs. n. 196\/2003);<\/span><\/p>\n<p><span style=\"font-weight: 400;\">&#8211; i <\/span><i><span style=\"font-weight: 400;\">cookies<\/span><\/i><span style=\"font-weight: 400;\"> di profilazione, utilizzati per ricondurre a soggetti determinati, identificati o identificabili, specifiche azioni o schemi comportamentali ricorrenti nell\u2019uso delle funzionalit\u00e0 offerte (<\/span><i><span style=\"font-weight: 400;\">pattern<\/span><\/i><span style=\"font-weight: 400;\">) al fine del raggruppamento dei diversi profili all\u2019interno di <\/span><i><span style=\"font-weight: 400;\">cluster<\/span><\/i><span style=\"font-weight: 400;\"> omogenei di diversa ampiezza, in modo che sia possibile al titolare, tra l\u2019altro, anche modulare la fornitura del servizio in modo sempre pi\u00f9 personalizzato al di l\u00e0 di quanto strettamente necessario all\u2019erogazione del servizio, nonch\u00e9 inviare messaggi pubblicitari mirati, cio\u00e8 in linea con le preferenze manifestate dall\u2019utente nell\u2019ambito della navigazione della rete.<\/span><\/p>\n<ol>\n<li><b> <\/b><b><i>Cookies<\/i><\/b><b> utilizzati da Ecostilla s.r.l.<\/b><\/li>\n<\/ol>\n<p>Quali tipi di cookie utilizza il sito?<\/p>\n<p>I cookie utilizzati sui siti Ecostilla s.r.l. sono stati classificati come indicato di seguito:<\/p>\n<p><strong>Strettamente necessari<\/strong><br>\nI cookie strettamente necessari consentono le funzionalit\u00e0 principali del sito web come l&#8217;accesso dell&#8217;utente e la gestione dell&#8217;account. Il sito web non pu\u00f2 essere utilizzato correttamente senza i cookie strettamente necessari.<\/p>\n<p><strong>Performance<\/strong><br>\nI cookie di performance vengono utilizzati per vedere come i visitatori utilizzano il sito web, ad esempio con i cookie analitici. Questi cookie non possono essere utilizzati per identificare direttamente un determinato visitatore.<\/p>\n<p><strong>Targeting<\/strong><br>\nI cookie di targeting vengono utilizzati per identificare i visitatori tra diversi siti web, ad esempio partner di contenuti, reti di banner. Questi cookie possono essere utilizzati dalle aziende per creare un profilo degli interessi dei visitatori o mostrare annunci pertinenti su altri siti web.<\/p>\n<p>Le caratteristiche ed il ciclo di vita dei <i>cookies<\/i> utilizzati sul Sito sono illustrate nel banner di gestione dei cookies che l&#8217;utente pu\u00f2 consultare in ogni momento.<\/p>\n<ol start=\"2\">\n<li><b>Gestione delle preferenze sui <\/b><b><i>cookies<\/i><\/b><\/li>\n<\/ol>\n<p><span style=\"font-weight: 400;\">Come previsto dalla normativa italiana in materia di protezione dei dati personali, in caso di utilizzo di <i>cookies<\/i> sociali e di profilazione \u00e8 richiesto un preventivo consenso dell\u2019Utente. Al momento dell&#8217;accesso a qualunque pagina del Sito, \u00e8 presente un banner che contiene un\u2019informativa breve e dei \u201cbottoni attivi\u201d per consentire all\u2019utente di scegliere le impostazioni che preferisce, con riferimento alle finalit\u00e0 di utilizzo dei <\/span><i><span style=\"font-weight: 400;\">cookies<\/span><\/i><span style=\"font-weight: 400;\"> sia ai <\/span><i><span style=\"font-weight: 400;\">partners<\/span><\/i><span style=\"font-weight: 400;\"> del Titolare. Il consenso all\u2019uso dei cookies viene registrato con un cookie tecnico. L\u2019utente potr\u00e0 sempre modificare le proprie scelte attraverso il pulsante delle impostazioni dei cookies presente in ogni pagina del sito.<\/span><\/p>\n<ol start=\"3\">\n<li><b> Comunicazione e diffusione dei dati<\/b><\/li>\n<\/ol>\n<p><span style=\"font-weight: 400;\">I Suoi dati personali non sono oggetto di diffusione n\u00e9 di cessione.<\/span><\/p>\n<p><span style=\"font-weight: 400;\">La comunicazione a terzi, diversi dal Titolare e dai Responsabili \u2013 interni o esterni alla Societ\u00e0 \u2013 individuati e nominati ai sensi degli artt. 24 e 28 GDPR, \u00e8 prevista ove necessaria.<\/span><\/p>\n<p><span style=\"font-weight: 400;\">In ogni caso il trattamento da parte di terzi soggetti avverr\u00e0 nel rispetto dei principi di correttezza, proporzionalit\u00e0 e necessariet\u00e0, nonch\u00e9 nel rispetto delle vigenti disposizioni di legge.<\/span><\/p>\n<p><span style=\"font-weight: 400;\">I dati raccolti utilizzando i <\/span><i><span style=\"font-weight: 400;\">cookies<\/span><\/i><span style=\"font-weight: 400;\"> potranno essere trattati da dipendenti e collaboratori del Titolare del trattamento, in qualit\u00e0 di autorizzati e responsabili del trattamento.<\/span><span style=\"font-weight: 400;\"><br>\n<\/span><span style=\"font-weight: 400;\">Tali dati potranno essere inoltre trattati da societ\u00e0 di fiducia del Titolare del trattamento che svolgono per suo conto compiti di natura tecnica ed organizzativa. Queste societ\u00e0 sono dirette collaboratrici del Titolare del trattamento e svolgono la funzione di Responsabile del trattamento.<\/span><\/p>\n<p><span style=\"font-weight: 400;\">I dati raccolti utilizzando i <\/span><i><span style=\"font-weight: 400;\">cookies<\/span><\/i><span style=\"font-weight: 400;\"> non saranno diffusi.<\/span><\/p>\n<ol start=\"4\">\n<li><b> I diritti<\/b><\/li>\n<\/ol>\n<p><span style=\"font-weight: 400;\">Si comunica che, ai sensi dell\u2019art. 13, paragrafo 2, lett. b) GDPR, in relazione al trattamento dei dati personali in oggetto, al fine di garantire un trattamento corretto e trasparente, possono essere esercitati i seguenti diritti:<\/span><\/p>\n<p><span style=\"font-weight: 400;\">4.1. <\/span><span style=\"font-weight: 400;\">Diritto di informazione ed accesso<\/span><span style=\"font-weight: 400;\"> (ex art. 15 GDPR): al fine di ottenere dal Titolare del trattamento informazioni sull\u2019esistenza o meno di trattamenti di dati che La riguardano nonch\u00e9 l\u2019accesso ai Suoi dati personali e ad informazioni sulle finalit\u00e0 del trattamento, sui destinatari o sulle categorie di destinatari a cui i dati vengono trasmessi.<\/span><\/p>\n<p><span style=\"font-weight: 400;\">4.2. <\/span><span style=\"font-weight: 400;\">Diritto alla rettifica<\/span><span style=\"font-weight: 400;\"> (ex art. 16 GDPR), <\/span><span style=\"font-weight: 400;\">alla cancellazione<\/span><span style=\"font-weight: 400;\"> (ex art. 17 GDPR) e <\/span><span style=\"font-weight: 400;\">alla limitazione<\/span><span style=\"font-weight: 400;\"> (ex art. 18 GDPR): al fine di chiedere al Titolare del trattamento la rettifica e la cancellazione dei Suoi dati personali e la limitazione del trattamento.&nbsp;&nbsp;<\/span><\/p>\n<p><span style=\"font-weight: 400;\">4.3. <\/span><span style=\"font-weight: 400;\">Diritto alla portabilit\u00e0<\/span><span style=\"font-weight: 400;\"> (ex art. 20 GDPR): al fine di ricevere in formato strutturato, di uso comune e leggibile da dispositivo automatico i dati personali che La riguardano forniti al Titolare del trattamento e ha il diritto di trasmettere tali dati ad altro titolare, purch\u00e9 tale operazione sia fattibile a livello tecnico.<\/span><\/p>\n<p><span style=\"font-weight: 400;\">4.4. <\/span><span style=\"font-weight: 400;\">Diritto di opposizione<\/span><span style=\"font-weight: 400;\"> (ex art. 21 GDPR): ai fine di opporsi al trattamento dei suoi dati.<\/span><\/p>\n<p><span style=\"font-weight: 400;\">Per l\u2019esercizio dei diritti di cui al menzionato art. 13, par. 2, lett. b) ed e) GDPR, pu\u00f2 scrivere a <\/span><b>Ecostilla s.r.l.,<\/b><span style=\"font-weight: 400;\"> (C.F. 10264770156 e P. IVA: 02276650963), con sede legale in Milano, via Policarpo Petrocchi n. 10, &#8211; indirizzo di posta elettronica<\/span><span style=\"font-weight: 400;\">: <a href=\"mailto:administration@ecostilla.com\" target=\"_blank\" rel=\"noopener\">administration@ecostilla.com<\/a>.<\/span><span style=\"font-weight: 400;\">&nbsp;<\/span><\/p>\n<ol start=\"5\">\n<li><b> Diritto di reclamo o di ricorso<\/b><\/li>\n<\/ol>\n<p><span style=\"font-weight: 400;\">Ai sensi dell\u2019art. 13, par. 2, lett. d) GDPR e dell\u2019art. 140 bis D.Lgs. n. 196\/2003, come modificato dal D.Lgs. n. 101\/2018, si rappresenta, inoltre, che qualora si ritenga che il trattamento dei dati violi il Regolamento europeo o il Codice in materia di protezione dei dati personali, pu\u00f2 essere proposto reclamo al Garante privacy, ex art. 77 GDPR o, in alternativa, ricorso all\u2019Autorit\u00e0 giudiziaria.<\/span><\/p>\n<ol start=\"6\">\n<li><b> Revoca del consenso<\/b><\/li>\n<\/ol>\n<p><span style=\"font-weight: 400;\">Il consenso \u00e8 revocabile in qualsiasi momento e senza indicazione dei motivi, utilizzando il pulsante delle impostazioni dei cookies presente in ogni pagina del sito.<\/span><\/p>\n<p><span style=\"font-weight: 400;\">La revoca del consenso non pregiudica la liceit\u00e0 del trattamento basato sullo stesso prima della revoca.<\/span><\/p>\t\t\t\t\t\t\t\t<\/div>\n\t\t\t\t<\/div>\n\t\t\t\t\t<\/div>\r\n\t\t\t\t<\/div>\r\n\t\t\t\t\t<\/div>\r\n\t\t\t\t<\/section>\r\n\t\t\t\t<\/div>","protected":false},"excerpt":{"rendered":"<p>COOKIE POLICY INFORMATIVA ESTESA SUI COOKIES Il Titolare del Trattamento ai sensi degli art. 4, paragrafo 1, n. 7) e art. 24 del GDPR, vale a dire colui che determina le finalit\u00e0 e i mezzi del trattamento, \u00e8 Ecostilla s.r.l. ((C.F. 10264770156 e P. IVA: 02276650963), i cui dati di contatto sono: sede legale in [&hellip;]<\/p>\n","protected":false},"author":1,"featured_media":0,"parent":0,"menu_order":0,"comment_status":"closed","ping_status":"closed","template":"","meta":{"om_disable_all_campaigns":false,"_monsterinsights_skip_tracking":false,"_monsterinsights_sitenote_active":false,"_monsterinsights_sitenote_note":"","_monsterinsights_sitenote_category":0,"footnotes":""},"class_list":["post-287","page","type-page","status-publish","hentry"],"aioseo_notices":[],"_links":{"self":[{"href":"https:\/\/main.ecostilla.com\/en\/wp-json\/wp\/v2\/pages\/287","targetHints":{"allow":["GET"]}}],"collection":[{"href":"https:\/\/main.ecostilla.com\/en\/wp-json\/wp\/v2\/pages"}],"about":[{"href":"https:\/\/main.ecostilla.com\/en\/wp-json\/wp\/v2\/types\/page"}],"author":[{"embeddable":true,"href":"https:\/\/main.ecostilla.com\/en\/wp-json\/wp\/v2\/users\/1"}],"replies":[{"embeddable":true,"href":"https:\/\/main.ecostilla.com\/en\/wp-json\/wp\/v2\/comments?post=287"}],"version-history":[{"count":55,"href":"https:\/\/main.ecostilla.com\/en\/wp-json\/wp\/v2\/pages\/287\/revisions"}],"predecessor-version":[{"id":4794,"href":"https:\/\/main.ecostilla.com\/en\/wp-json\/wp\/v2\/pages\/287\/revisions\/4794"}],"wp:attachment":[{"href":"https:\/\/main.ecostilla.com\/en\/wp-json\/wp\/v2\/media?parent=287"}],"curies":[{"name":"wp","href":"https:\/\/api.w.org\/{rel}","templated":true}]}}