{"id":285,"date":"2020-11-12T10:07:33","date_gmt":"2020-11-12T10:07:33","guid":{"rendered":"http:\/\/ecostilla.my-page.it\/?page_id=285"},"modified":"2023-09-26T15:22:14","modified_gmt":"2023-09-26T14:22:14","slug":"privacy-policy-2","status":"publish","type":"page","link":"https:\/\/main.ecostilla.com\/en\/privacy-policy-2\/","title":{"rendered":"Privacy Policy"},"content":{"rendered":"\t\t<div data-elementor-type=\"wp-page\" data-elementor-id=\"285\" class=\"elementor elementor-285\" data-elementor-post-type=\"page\">\n\t\t\t\t\t\t<section class=\"has_eae_slider elementor-section elementor-top-section elementor-element elementor-element-654d63e elementor-section-boxed elementor-section-height-default elementor-section-height-default\" data-eae-slider=\"55577\" data-id=\"654d63e\" data-element_type=\"section\" data-e-type=\"section\">\r\n\t\t\r\n\t\t\t\t\t\t\t<div class=\"elementor-container elementor-column-gap-default\">\r\n\t\t\t\t\t\t\t\t\t\t\t<div class=\"has_eae_slider elementor-column elementor-col-100 elementor-top-column elementor-element elementor-element-76a74d1\" data-eae-slider=\"15751\" data-id=\"76a74d1\" data-element_type=\"column\" data-e-type=\"column\">\r\n\t\t\t\t\t<div class=\"elementor-widget-wrap elementor-element-populated\">\r\n\t\t\t\t\t\t\t\t<div class=\"elementor-element elementor-element-aa27db7 elementor-widget elementor-widget-text-editor\" data-id=\"aa27db7\" data-element_type=\"widget\" data-e-type=\"widget\" data-widget_type=\"text-editor.default\">\n\t\t\t\t<div class=\"elementor-widget-container\">\n\t\t\t\t\t\t\t\t\t<p><b>INFORMATIVA PRIVACY<\/b><\/p><p><b>AI SENSI DELL\u2019ART. 13 REGOLAMENTO UE 2016\/679<\/b><\/p><p><b>Ecostilla s.r.l.,<\/b><span style=\"font-weight: 400;\"> (C.F. 10264770156 e P. IVA: 02276650963), con sede legale in Milano, via Policarpo Petrocchi n. 10, in qualit\u00e0 di Titolare del trattamento ex artt. 4, par. 1, n. 7) e art. 24 Regolamento UE 2016\/679 (di seguito GDPR) sulla protezione dei dati personali, in adempimento agli obblighi di cui all\u2019art. 13 GDPR, fornisce la presente Informativa che dettaglia finalit\u00e0 e mezzi del trattamento dei Suoi dati personali.<\/span><\/p><p><span style=\"font-weight: 400;\">Si precisa che:<\/span><\/p><p><span style=\"font-weight: 400;\">&#8211; per <\/span><b>dato personale<\/b><span style=\"font-weight: 400;\"> (ex art. 4, par. 1, n. 1) GDPR) si intende \u2018<\/span><i><span style=\"font-weight: 400;\">qualsiasi informazione riguardante una persona fisica identificata o identificabile (\u2018interessato\u2019); si considera identificabile la persona che pu\u00f2 essere identificata, direttamente o indirettamente, con particolare riferimento a un identificativo come il nome, un numero di identificazione, dati relativi all\u2019ubicazione, un identificativo online o a uno o pi\u00f9 elementi caratteristici della sua identit\u00e0 fisica, fisiologica, genetica, psichica, economica, culturale o sociale<\/span><\/i><span style=\"font-weight: 400;\">\u2019;<\/span><\/p><p><span style=\"font-weight: 400;\">&#8211; per <\/span><b>trattamento di dati personali<\/b><span style=\"font-weight: 400;\"> (ex art. 4, par. 1, n. 2) GDPR) si intende \u2018<\/span><i><span style=\"font-weight: 400;\">qualsiasi operazione o insieme di operazioni, compiute con o senza l&#8217;ausilio di processi automatizzati e applicate a dati personali o insiemi di dati personali, anche se non registrati in una banca di dati, come la raccolta, la registrazione, l&#8217;organizzazione, la strutturazione, la conservazione, l&#8217;elaborazione, la selezione, la limitazione, l&#8217;adattamento o la modifica, l&#8217;estrazione, la consultazione, l&#8217;uso, la comunicazione mediante trasmissione, la diffusione o qualsiasi altra forma di messa a disposizione, il raffronto o l&#8217;interconnessione, la limitazione, la cancellazione o la distruzione<\/span><\/i><span style=\"font-weight: 400;\">\u2019.<\/span><\/p><p><b>1.Titolare del Trattamento e dati di contatto<\/b><\/p><p><span style=\"font-weight: 400;\">Il Titolare del Trattamento, ai sensi dell\u2019art. 24 del GDPR, vale a dire colui che determina le finalit\u00e0 e i mezzi del trattamento \u00e8 <\/span><b>Ecostilla s.r.l.,<\/b><span style=\"font-weight: 400;\"> (C.F. 10264770156 e P. IVA: 02276650963), i cui dati di contatto sono:<\/span> <span style=\"font-weight: 400;\">sede legale in Milano, via Policarpo Petrocchi n. 10, &#8211; indirizzo di posta elettronica: <a href=\"mailto:administration@ecostilla.com\" target=\"_blank\" rel=\"noopener\">administration@ecostilla.com<\/a><\/span><\/p><ol start=\"2\"><li><b> Dati trattati<\/b><\/li><\/ol><p><span style=\"font-weight: 400;\">Dati di navigazione<\/span><\/p><p><span style=\"font-weight: 400;\">I sistemi informatici e le procedure software preposte al funzionamento di questo sito web acquisiscono, nel corso del loro normale esercizio, alcuni dati personali la cui trasmissione \u00e8 implicita nell\u2019uso dei protocolli di comunicazione di Internet.\u00a0<\/span><\/p><p><span style=\"font-weight: 400;\">Si tratta di informazioni che non sono raccolte per essere associate a interessati identificati, ma che per loro stessa natura potrebbero, attraverso elaborazioni ed associazioni, permettere di identificare gli utenti. In questa categoria di dati rientrano gli indirizzi IP o i nomi a dominio dei computer utilizzati dagli utenti che si connettono al sito, gli indirizzi in notazione URI (Uniform Resource Identifier) delle risorse richieste, l\u2019orario della richiesta, il metodo utilizzato nel sottoporre la richiesta al server, la dimensione del file ottenuto in risposta, il codice numerico indicante lo stato della risposta data dal server (buon fine, errore, ecc.) ed altri parametri relativi al sistema operativo e all\u2019ambiente informatico dell\u2019utente.\u00a0<\/span><\/p><p><span style=\"font-weight: 400;\">Questi dati vengono utilizzati al solo fine di ricavare informazioni statistiche anonime sull\u2019uso del sito e per controllarne il corretto funzionamento e vengono cancellati immediatamente dopo l\u2019elaborazione. I dati potrebbero essere utilizzati per l\u2019accertamento di responsabilit\u00e0 in caso di ipotetici reati informatici ai danni del sito.<\/span><\/p><p><span style=\"font-weight: 400;\">Dati forniti volontariamente dall\u2019utente<\/span><\/p><p><span style=\"font-weight: 400;\">L\u2019invio facoltativo, esplicito e volontario di posta elettronica agli indirizzi indicati su questo sito, nonch\u00e9 la compilazione del form di contatto o la trasmissione di dati attraverso altre sezioni del sito, comporta la successiva acquisizione dell\u2019indirizzo del mittente, necessario per rispondere alle richieste, nonch\u00e9 degli eventuali altri dati personali inseriti dall\u2019utente.<\/span><\/p><ol start=\"3\"><li><b> Finalit\u00e0 del Trattamento e base giuridica<\/b><\/li><\/ol><p><b>3.1. <\/b><span style=\"font-weight: 400;\">I Suoi dati personali, oggetto del trattamento, sono utilizzati per le seguenti finalit\u00e0:<\/span><\/p><ol><li><span style=\"font-weight: 400;\">a) rispondere alle Sue specifiche richieste;<\/span><\/li><li><span style=\"font-weight: 400;\">b) adempiere agli obblighi derivanti da leggi, regolamenti, normativa comunitaria, disposizioni impartite da Autorit\u00e0 a ci\u00f2 legittimate dalla legge, da Organi di Vigilanza e Controllo;<\/span><\/li><li><span style=\"font-weight: 400;\">c) adempiere agli obblighi precontrattuali, contrattuali e fiscali relativi alla conclusione e\/o all\u2019esecuzione di contratti di cui Ella \u00e8 parte;<\/span><\/li><li><span style=\"font-weight: 400;\">d) tutelare un diritto;<\/span><\/li><\/ol><p><b>e, previo Suo esplicito, libero, non condizionato e revocabile consenso, per<\/b><span style=\"font-weight: 400;\">,\u00a0<\/span><\/p><ol><li><span style=\"font-weight: 400;\">e) per inviarLe via mail e\/o posta e\/o sms e\/o mms e\/o contatto telefonico [<\/span><i><span style=\"font-weight: 400;\">selezionare lo\/gli strumenti e cancellare gli altri<\/span><\/i><span style=\"font-weight: 400;\">] newsletter, messaggi informativi, comunicazioni commerciali, promozionali e pubblicitarie sui prodotti e servizi offerti dal Titolare,<\/span> <span style=\"font-weight: 400;\">o per segnalare eventi aziendali o partecipare a webinar, nonch\u00e9 realizzare studi di mercato e analisi statistiche nel rispetto dei principi dettati dal GDPR;<\/span><\/li><li><span style=\"font-weight: 400;\">f) per analizzare le Sue preferenze, abitudini, comportamenti, interessi desunti, ad esempio, dai click online su articoli o sezioni del sito web (ecostilla.com) al fine di inviarle comunicazioni commerciali personalizzate e\/o effettuare azioni promozionali mirate, business intelligence.<\/span><\/li><\/ol><p><b>3.2. <\/b><span style=\"font-weight: 400;\">Il trattamento dei Suoi dati personali si fonda sull\u2019art. 6, par. 1 lett. b), e c) del GDPR per le finalit\u00e0 di cui all\u2019art. 3.1, lett. a), b), c) e d) della presente Informativa e sull\u2019art. 6, par. 1 lett. a) del GDPR per le finalit\u00e0 di cui all\u2019art. 3.1. lett. d) ed f) della presente Informativa.<\/span><\/p><ol start=\"4\"><li><b> Natura del conferimento<\/b><\/li><\/ol><p><span style=\"font-weight: 400;\">Per le finalit\u00e0 di cui all\u2019art. 3.1, lett. a), b), c) e d) della presente Informativa il conferimento dei dati \u00e8 necessario per rispondere alle Sue specifiche richieste e\/o per l\u2019esecuzione dei servizi erogati dal Titolare ed un eventuale rifiuto determina l\u2019impossibilit\u00e0 di fornire gli stessi. Per effettuare i trattamenti di cui all\u2019art. 3.1, lett. a), b) c) e d) della presente Informativa non \u00e8 necessario acquisire il consenso dell\u2019Interessato.<\/span><\/p><p><span style=\"font-weight: 400;\">Per le finalit\u00e0 di cui all\u2019art. 3.1, lett. d) ed f) della presente Informativa il conferimento dei dati \u00e8 facoltativo e non sussistono conseguenze in caso di rifiuto al conferimento, se non l\u2019impossibilit\u00e0 per il Titolare di dare seguito alle relative attivit\u00e0.<\/span><\/p><ol start=\"5\"><li><b> Modalit\u00e0 del Trattamento<\/b><\/li><\/ol><p><span style=\"font-weight: 400;\">Il trattamento dei dati avviene attraverso supporto cartaceo, informatico e telematico, anche con l\u2019ausilio di mezzi elettronici, ad opera di soggetti interni appositamente autorizzati e\/o tramite terzi, secondo logiche prettamente collegate alle finalit\u00e0 di cui alla presente. I dati sono conservati in archivi elettronici e, in via residuale, cartacei, in modo tale da garantire la sicurezza e la riservatezza dei dati. Il trattamento dei dati personali \u00e8 effettuato nel rispetto dei principi cui \u00e8 ispirato il GDPR.<\/span><\/p><p><span style=\"font-weight: 400;\">Il trattamento dei Suoi dati personali per finalit\u00e0 di profilazione avverr\u00e0, in caso di consenso, con strumenti di elaborazione dati che, a seguito di incrocio, creeranno un Suo profilo commerciale e comportamentale nel web. Tale strumento di elaborazione dati mette in relazione i dati raccolti nel corso della Sua navigazione sul Sito, attraverso l\u2019utilizzo di cookie di profilazione di prima parte da Lei accettati, con i dati raccolti. Inoltre, tali dati e\/o informazioni, verranno associati agli eventuali e\/o ulteriori dati e\/o informazioni gi\u00e0 in nostro possesso a seguito della Sua adesione ai nostri servizi.<\/span><\/p><ol start=\"6\"><li><b> Destinatari dei dati<\/b><\/li><\/ol><p><span style=\"font-weight: 400;\">Per <\/span><b>Destinatario dei dati <\/b><span style=\"font-weight: 400;\">si intende, ai sensi dell\u2019art. 4, par. 1, n. 9) GDPR, \u2018<\/span><i><span style=\"font-weight: 400;\">la persona fisica o giuridica, il servizio o un altro organismo che riceve comunicazioni di dati personali, che si tratti o meno di terzi. Tuttavia, le autorit\u00e0 pubbliche che possono ricevere comunicazione di dati personali nell\u2019ambito di una specifica indagine conformemente al diritto dell\u2019Unione o degli Stati membri non sono considerate destinatari; il trattamento di tali dati da parte di dette autorit\u00e0 pubbliche \u00e8 conforme alle norme applicabili in materia di protezione dei dati secondo le finalit\u00e0 dei trattamenti<\/span><\/i><span style=\"font-weight: 400;\">\u2019.<\/span><\/p><p><span style=\"font-weight: 400;\">Si evidenzia che, in relazione alle finalit\u00e0 sopra indicate, i dati personali possono essere oggetto di comunicazione a destinatari in rapporto di collaborazione con il Titolare o per l\u2019espletamento degli obblighi di legge. Tali destinatari sono vincolati alla pi\u00f9 assoluta riservatezza in merito a qualsivoglia informazione di cui possano venire a conoscenza e di seguito, a titolo esemplificativo, se ne riportano le categorie.<\/span><\/p><p><span style=\"font-weight: 400;\">&#8211; Autorit\u00e0, pubbliche amministrazioni e organi di vigilanza e controllo per i loro fini istituzionali.<\/span><\/p><p><span style=\"font-weight: 400;\">&#8211; Dipendenti e\/o collaboratori del Titolare, societ\u00e0 collegate, soggetti, consulenti, societ\u00e0 di consulenza, studi professionali che collaborano con il Titolare per il raggiungimento delle finalit\u00e0 sopra indicate e per l\u2019espletamento degli obblighi di legge.<\/span><\/p><p><span style=\"font-weight: 400;\">&#8211; Soggetti che forniscono servizi per la gestione del sistema informatico del Titolare.<\/span><\/p><p><span style=\"font-weight: 400;\">&#8211; Professionisti abilitati al fine dello studio e risoluzione di eventuali problemi legali e contrattuali.<\/span><\/p><p><span style=\"font-weight: 400;\">&#8211; Banche od organizzazioni similari.<\/span><\/p><ol start=\"7\"><li><b> Luogo del trattamento dei dati ed eventuale trasferimento dei dati extra UE\u00a0<\/b><\/li><\/ol><p><span style=\"font-weight: 400;\">L\u2019attivit\u00e0 di trattamento dei dati \u00e8 eseguita all&#8217;interno di uno Stato membro dell&#8217;Unione Europea (UE) o all&#8217;interno di uno Stato membro dello Spazio Economico Europeo (SEE).\u00a0<\/span><\/p><p><span style=\"font-weight: 400;\">Tuttavia, l\u2019attivit\u00e0 di trattamento dei dati potrebbe comportare il trasferimento di dati verso uno Stato non appartenente all\u2019UE o al SEE. In questo caso il Titolare sin da ora garantisce che il trasferimento, qualora necessario, sar\u00e0 effettuato solo alle condizioni specifiche previste dagli articoli 44 e ss. del GDPR.\u00a0<\/span><\/p><ol start=\"8\"><li><b> Diffusione e comunicazione dei dati<\/b><\/li><\/ol><p><span style=\"font-weight: 400;\">I Suoi dati personali non sono oggetto di diffusione n\u00e9 di cessione.<\/span><\/p><p><span style=\"font-weight: 400;\">La comunicazione a terzi, diversi dal Titolare e dai Responsabili \u2013 interni o esterni alla struttura organizzativa del Titolare \u2013 individuati e nominati ai sensi degli artt. 24 e 28 GDPR, \u00e8 prevista ove necessaria.<\/span><\/p><p><span style=\"font-weight: 400;\">In ogni caso il trattamento da parte di terzi soggetti avverr\u00e0 nel rispetto dei principi di correttezza, proporzionalit\u00e0 e necessariet\u00e0, nonch\u00e9 nel rispetto delle vigenti disposizioni di legge.<\/span><\/p><ol start=\"9\"><li><b> Tempi di conservazione<\/b><\/li><\/ol><p><span style=\"font-weight: 400;\">I dati saranno conservati nel rispetto del principio di proporzionalit\u00e0 e comunque per un periodo non superiore a <\/span><span style=\"font-weight: 400;\">10 anni fiscali<\/span><span style=\"font-weight: 400;\"> necessario per l\u2019espletamento delle finalit\u00e0 di cui all\u2019art. 3.1, lett. a), b), c) e d) della presente Informativa.<\/span><\/p><p><span style=\"font-weight: 400;\">I dati raccolti per le finalit\u00e0 di cui all\u2019art. 3.1, lett. d) ed f) della presente Informativa saranno conservati per <\/span><span style=\"font-weight: 400;\">24 mesi<\/span><span style=\"font-weight: 400;\"> ovvero fino alla revoca del consenso.<\/span><\/p><ol start=\"10\"><li><b> Sicurezza dei dati<\/b><\/li><\/ol><p><span style=\"font-weight: 400;\">Il Titolare adotta le misure tecniche ed organizzative adeguate per la protezione dei dati al fine di prevenire la perdita degli stessi, usi illeciti o non corretti e accessi non autorizzati.<\/span><\/p><ol start=\"11\"><li><b><\/b> <b>Diritti dell\u2019Interessato<\/b><\/li><\/ol><p><span style=\"font-weight: 400;\">Si comunica che, ai sensi dell\u2019art. 13, par. 2, lett. b) GDPR, in relazione al trattamento dei dati personali in oggetto, al fine di garantire un trattamento corretto e trasparente, possono essere esercitati i seguenti diritti:<\/span><\/p><p><span style=\"font-weight: 400;\">11.1. <\/span><span style=\"font-weight: 400;\">Diritto di informazione ed accesso<\/span><span style=\"font-weight: 400;\"> (ex art. 15 GDPR): al fine di ottenere dal Titolare del trattamento informazioni sull\u2019esistenza o meno di trattamenti di dati che La riguardano nonch\u00e9 l\u2019accesso ai Suoi dati personali e ad informazioni sulle finalit\u00e0 del trattamento, sui destinatari o sulle categorie di destinatari a cui i dati vengono trasmessi.<\/span><\/p><p><span style=\"font-weight: 400;\">11.2. <\/span><span style=\"font-weight: 400;\">Diritto alla rettifica<\/span><span style=\"font-weight: 400;\"> (ex art. 16 GDPR), <\/span><span style=\"font-weight: 400;\">alla cancellazione<\/span><span style=\"font-weight: 400;\"> (ex art. 17 GDPR) e <\/span><span style=\"font-weight: 400;\">alla limitazione<\/span><span style=\"font-weight: 400;\"> (ex art. 18 GDPR): al fine di chiedere al Titolare del trattamento la rettifica e la cancellazione dei Suoi dati personali e la limitazione del trattamento.\u00a0\u00a0<\/span><\/p><p><span style=\"font-weight: 400;\">11.3. <\/span><span style=\"font-weight: 400;\">Diritto alla portabilit\u00e0<\/span><span style=\"font-weight: 400;\"> (ex art. 20 GDPR): al fine di ricevere in formato strutturato, di uso comune e leggibile da dispositivo automatico i dati personali che la riguardano forniti al Titolare del trattamento e ha il diritto di trasmettere tali dati ad altro titolare, purch\u00e9 tale operazione sia fattibile a livello tecnico.<\/span><\/p><p><span style=\"font-weight: 400;\">11.4. <\/span><span style=\"font-weight: 400;\">Diritto di opposizione<\/span><span style=\"font-weight: 400;\"> (ex art. 21 GDPR): ai fine di opporsi al trattamento dei suoi dati.<\/span><\/p><p><span style=\"font-weight: 400;\">Per l\u2019esercizio dei diritti di cui al menzionato art. 13, par. 2, lett. b) ed e) GDPR, Ella pu\u00f2 scrivere a <\/span><b>Ecostilla s.r.l.,<\/b><span style=\"font-weight: 400;\"> (C.F. 10264770156 e P. IVA: 02276650963), con sede legale in Milano, via Policarpo Petrocchi n. 10, &#8211; indirizzo di posta elettronica<\/span><span style=\"font-weight: 400;\">: <a href=\"mailto:administration@ecostilla.com\" target=\"_blank\" rel=\"noopener\">administration@ecostilla.com<\/a><\/span>\u00a0<span style=\"font-weight: 400;\">oppure contattare la Societ\u00e0 al seguente numero di telefono 02.9132.4619<\/span><\/p><ol start=\"12\"><li><b> Diritto di reclamo o di ricorso<\/b><\/li><\/ol><p><span style=\"font-weight: 400;\">Ai sensi dell\u2019art. 13, par. 2, lett. d) GDPR e dell\u2019art. 140 bis D.Lgs. n. 196\/2003, come modificato dal D.Lgs. n. 101\/2018, si rappresenta, inoltre, che qualora si ritenga che il trattamento dei dati violi il Regolamento europeo o il Codice in materia di protezione dei dati personali, pu\u00f2 essere proposto reclamo al Garante privacy, ex art. 77 GDPR o, in alternativa, ricorso all\u2019Autorit\u00e0 giudiziaria.<\/span><\/p><ol start=\"13\"><li><b> Consenso<\/b><\/li><\/ol><p><span style=\"font-weight: 400;\">Ai sensi degli artt. 6 e 7 del GDPR il consenso al trattamento dei dati personali \u00e8 necessario, per le finalit\u00e0 di cui all\u2019art. 3.1, lett. d) ed f) della presente Informativa.<\/span><\/p><p><span style=\"font-weight: 400;\">Il consenso \u00e8 revocabile in qualsiasi momento e senza indicazione dei motivi, inoltrando la dichiarazione di revoca al seguente indirizzo di posta elettronica: <a href=\"mailto:administration@ecostilla.com\" target=\"_blank\" rel=\"noopener\">administration@ecostilla.com<\/a><\/span><\/p><p><span style=\"font-weight: 400;\">La revoca del consenso non pregiudica la liceit\u00e0 del trattamento basato sullo stesso prima della revoca.<\/span><\/p><ol start=\"14\"><li><b> Modifiche ed aggiornamenti<\/b><\/li><\/ol><p><span style=\"font-weight: 400;\">La presente Informativa \u00e8 aggiornata alla data del 21 giugno 2022. Il Titolare potrebbe apportare modifiche e\/o integrazioni, quale conseguenza di successive modifiche e\/o integrazioni normative.<\/span><\/p>\t\t\t\t\t\t\t\t<\/div>\n\t\t\t\t<\/div>\n\t\t\t\t\t<\/div>\r\n\t\t\t\t<\/div>\r\n\t\t\t\t\t<\/div>\r\n\t\t\t\t<\/section>\r\n\t\t\t\t<\/div>\n\t\t","protected":false},"excerpt":{"rendered":"<p>INFORMATIVA PRIVACY AI SENSI DELL\u2019ART. 13 REGOLAMENTO UE 2016\/679 Ecostilla s.r.l., (C.F. 10264770156 e P. IVA: 02276650963), con sede legale in Milano, via Policarpo Petrocchi n. 10, in qualit\u00e0 di Titolare del trattamento ex artt. 4, par. 1, n. 7) e art. 24 Regolamento UE 2016\/679 (di seguito GDPR) sulla protezione dei dati personali, in [&hellip;]<\/p>\n","protected":false},"author":1,"featured_media":0,"parent":0,"menu_order":0,"comment_status":"closed","ping_status":"closed","template":"","meta":{"om_disable_all_campaigns":false,"_monsterinsights_skip_tracking":false,"_monsterinsights_sitenote_active":false,"_monsterinsights_sitenote_note":"","_monsterinsights_sitenote_category":0,"footnotes":""},"class_list":["post-285","page","type-page","status-publish","hentry"],"aioseo_notices":[],"_links":{"self":[{"href":"https:\/\/main.ecostilla.com\/en\/wp-json\/wp\/v2\/pages\/285","targetHints":{"allow":["GET"]}}],"collection":[{"href":"https:\/\/main.ecostilla.com\/en\/wp-json\/wp\/v2\/pages"}],"about":[{"href":"https:\/\/main.ecostilla.com\/en\/wp-json\/wp\/v2\/types\/page"}],"author":[{"embeddable":true,"href":"https:\/\/main.ecostilla.com\/en\/wp-json\/wp\/v2\/users\/1"}],"replies":[{"embeddable":true,"href":"https:\/\/main.ecostilla.com\/en\/wp-json\/wp\/v2\/comments?post=285"}],"version-history":[{"count":40,"href":"https:\/\/main.ecostilla.com\/en\/wp-json\/wp\/v2\/pages\/285\/revisions"}],"predecessor-version":[{"id":4569,"href":"https:\/\/main.ecostilla.com\/en\/wp-json\/wp\/v2\/pages\/285\/revisions\/4569"}],"wp:attachment":[{"href":"https:\/\/main.ecostilla.com\/en\/wp-json\/wp\/v2\/media?parent=285"}],"curies":[{"name":"wp","href":"https:\/\/api.w.org\/{rel}","templated":true}]}}